{"id":959,"date":"2012-01-20T11:38:50","date_gmt":"2012-01-20T09:38:50","guid":{"rendered":"http:\/\/www.bonorandi.it\/blog\/?page_id=959"},"modified":"2026-01-20T11:35:04","modified_gmt":"2026-01-20T09:35:04","slug":"golfista-dellanno-3","status":"publish","type":"page","link":"https:\/\/www.italianlga.it\/blog\/golfista-dellanno-3\/","title":{"rendered":"Golfista dell&#8217;Anno"},"content":{"rendered":"<p>[vc_row][vc_column width=&#8221;2\/3&#8243;][vc_single_image image=&#8221;32787&#8243; img_size=&#8221;full&#8221;][vc_column_text]<\/p>\n<p style=\"text-align: center;\">Golfiste dell&#8217;anno 2025<\/p>\n<p>[\/vc_column_text][vc_column_text]<a href=\"https:\/\/www.italianlga.it\/blog\/wp-content\/uploads\/2025\/02\/Beachcomber_360x190.jpg\"><img loading=\"lazy\" decoding=\"async\" class=\"size-medium wp-image-34389 alignnone\" src=\"https:\/\/www.italianlga.it\/blog\/wp-content\/uploads\/2025\/02\/Beachcomber_360x190-300x158.jpg\" alt=\"\" width=\"300\" height=\"158\" srcset=\"https:\/\/www.italianlga.it\/blog\/wp-content\/uploads\/2025\/02\/Beachcomber_360x190-300x158.jpg 300w, https:\/\/www.italianlga.it\/blog\/wp-content\/uploads\/2025\/02\/Beachcomber_360x190.jpg 360w\" sizes=\"auto, (max-width: 300px) 100vw, 300px\" \/><\/a> &nbsp;&nbsp;&nbsp;&nbsp;&nbsp;&nbsp; <a href=\"https:\/\/www.italianlga.it\/blog\/wp-content\/uploads\/2025\/03\/Saed_360x190.jpg\"><img loading=\"lazy\" decoding=\"async\" class=\"size-medium wp-image-34407 alignnone\" src=\"https:\/\/www.italianlga.it\/blog\/wp-content\/uploads\/2025\/03\/Saed_360x190-300x158.jpg\" alt=\"\" width=\"300\" height=\"158\" srcset=\"https:\/\/www.italianlga.it\/blog\/wp-content\/uploads\/2025\/03\/Saed_360x190-300x158.jpg 300w, https:\/\/www.italianlga.it\/blog\/wp-content\/uploads\/2025\/03\/Saed_360x190.jpg 360w\" sizes=\"auto, (max-width: 300px) 100vw, 300px\" \/><\/a><\/p>\n<p>Regolamento \u201cGolfista dell\u2019anno\u201d 2026<\/p>\n<p>In tutte le gare del XXXII\u00b0 trofeo I.L.G.A., nella Finale e&nbsp; nel Campionato, saranno assegnati dei punti alle prime dieci classificate di ogni categoria, secondo il seguente criterio:<\/p>\n<p>1\u00b0 classificata 20 punti<br \/>\n2\u00b0 classificata 15 punti<br \/>\n3\u00b0 classificata 12 punti<br \/>\n4\u00b0 classificata 10 punti<br \/>\n5\u00b0 classificata 8 punti<br \/>\n6\u00b0 classificata 6 punti<br \/>\n7\u00b0 classificata 4 punti<br \/>\n8\u00b0 classificata 3 punti<br \/>\n9\u00b0 classificata 2 punti<br \/>\n10\u00b0 classificata 1 punto<\/p>\n<p>In ogni categoria, nel caso di giocatrici a parit\u00e0 di punteggio , prevarr\u00e0 quella che avr\u00e0 giocato il maggior numero di gare acquisendo punti.<br \/>\nIn caso di ulteriore parit\u00e0,&nbsp; prevarr\u00e0 la giocatrice che avr\u00e0 ottenuto il punteggio pi\u00f9 alto il maggior numero di volte.<br \/>\nIn caso di ulteriore parit\u00e0 si proceder\u00e0 a sorteggio.<\/p>\n<p>Ai fini della classifica finale, la categoria di appartenenza sar\u00e0 quella nella quale la giocatrice avr\u00e0 giocato il maggior numero di gare acquisendo punti.<br \/>\nNel caso in cui abbia disputato lo stesso numero di gare in entrambe le categorie, varr\u00e0 la categoria dell\u2019ultima gara giocata acquisendo punti.<\/p>\n<p><strong>La \u201c Golfista dell\u2019 anno 2026 \u201c&nbsp; di ogni categoria sar\u00e0 premiata in occasione della gara al&nbsp; Golf Club Franciacorta il 15 ottobre 2026<\/strong>[\/vc_column_text][\/vc_column][vc_column width=&#8221;1\/3&#8243; css=&#8221;.vc_custom_1528374106196{border-left-width: 10px !important;}&#8221;][vc_column_text css=&#8221;.vc_custom_1757657407812{padding-left: 10px !important;background-color: #ededed !important;}&#8221;]<strong><span style=\"color: #800000;\">Scarica la classifica:<\/span><\/strong><strong><span style=\"color: #800000;\"><br \/>\n&#8212; <a href=\"https:\/\/www.italianlga.it\/blog\/wp-content\/uploads\/2025\/09\/Golfista-2025_1cat.pdf\" target=\"_blank\" rel=\"noopener\">Golfista dell&#8217;anno &#8211; 1 Categoria<\/a><br \/>\n&#8212; <a href=\"https:\/\/www.italianlga.it\/blog\/wp-content\/uploads\/2025\/09\/Golfista-2025_2cat.pdf\" target=\"_blank\" rel=\"noopener\">Golfista dell&#8217;anno &#8211; 2 Categoria<\/a><\/span><\/strong><\/p>\n<p>&nbsp;<\/p>\n<p>&nbsp;[\/vc_column_text][\/vc_column][\/vc_row]<\/p>\n","protected":false},"excerpt":{"rendered":"<p>[vc_row][vc_column width=&#8221;2\/3&#8243;][vc_single_image image=&#8221;32787&#8243; img_size=&#8221;full&#8221;][vc_column_text] Golfiste dell&#8217;anno 2025 [\/vc_column_text][vc_column_text] &nbsp;&nbsp;&nbsp;&nbsp;&nbsp;&nbsp; Regolamento \u201cGolfista dell\u2019anno\u201d 2026 In tutte le gare del XXXII\u00b0 trofeo I.L.G.A., nella Finale e&nbsp; nel Campionato, saranno assegnati dei punti alle prime dieci classificate di ogni categoria, secondo il seguente criterio: 1\u00b0 classificata 20 punti 2\u00b0 classificata 15 punti 3\u00b0 classificata 12 punti 4\u00b0 classificata [&hellip;]<\/p>\n","protected":false},"author":1,"featured_media":0,"parent":0,"menu_order":4,"comment_status":"closed","ping_status":"closed","template":"","meta":{"_exactmetrics_skip_tracking":false,"_exactmetrics_sitenote_active":false,"_exactmetrics_sitenote_note":"","_exactmetrics_sitenote_category":0,"ngg_post_thumbnail":0,"footnotes":""},"folder":[],"class_list":["post-959","page","type-page","status-publish"],"post_mailing_queue_ids":[],"_links":{"self":[{"href":"https:\/\/www.italianlga.it\/blog\/wp-json\/wp\/v2\/pages\/959","targetHints":{"allow":["GET"]}}],"collection":[{"href":"https:\/\/www.italianlga.it\/blog\/wp-json\/wp\/v2\/pages"}],"about":[{"href":"https:\/\/www.italianlga.it\/blog\/wp-json\/wp\/v2\/types\/page"}],"author":[{"embeddable":true,"href":"https:\/\/www.italianlga.it\/blog\/wp-json\/wp\/v2\/users\/1"}],"replies":[{"embeddable":true,"href":"https:\/\/www.italianlga.it\/blog\/wp-json\/wp\/v2\/comments?post=959"}],"version-history":[{"count":134,"href":"https:\/\/www.italianlga.it\/blog\/wp-json\/wp\/v2\/pages\/959\/revisions"}],"predecessor-version":[{"id":36519,"href":"https:\/\/www.italianlga.it\/blog\/wp-json\/wp\/v2\/pages\/959\/revisions\/36519"}],"wp:attachment":[{"href":"https:\/\/www.italianlga.it\/blog\/wp-json\/wp\/v2\/media?parent=959"}],"wp:term":[{"taxonomy":"folder","embeddable":true,"href":"https:\/\/www.italianlga.it\/blog\/wp-json\/wp\/v2\/folder?post=959"}],"curies":[{"name":"wp","href":"https:\/\/api.w.org\/{rel}","templated":true}]}}