{"id":20438,"date":"2018-05-01T16:02:22","date_gmt":"2018-05-01T14:02:22","guid":{"rendered":"http:\/\/www.italianlga.it\/blog\/?page_id=20438"},"modified":"2018-05-23T17:47:39","modified_gmt":"2018-05-23T15:47:39","slug":"pensieri","status":"publish","type":"page","link":"https:\/\/www.italianlga.it\/blog\/pensieri\/","title":{"rendered":"Cos&#8217;\u00e8 l&#8217;Ilga per me?"},"content":{"rendered":"<p><span style=\"color: #000000;\"><em>Cosa rappresenta l&#8217;Ilga per me? Che parte ha nella mia vita, perch\u00e8 ne sono socia? Cosa mi piace di questa Associazione?<br \/>\n<\/em>Scrivete il vostro pensiero e lo pubblicheremo: <a style=\"color: #000000;\" href=\"mailto:info@italianlga.it\">info@italianlga.it<\/a><\/span><\/p>\n<hr>\n<p>Oggi mi chiederanno \u201c<strong>che cosa \u00e8 l\u2019ILGA per te<\/strong>\u201d, la mia risposta \u00e8 semplice: alzarmi alle 5:15 per correre al desk dell\u2019ospitalit\u00e0 ed accogliere TUTTE le mie ragazze, salutarle, abbracciarle e baciarle e far s\u00ec che la loro giornata sia sempre la pi\u00f9 bella e spensierata, far s\u00ec che la loro \u201cevasione\u201d dagli impegni di lavoro e familiari venga ripagata da una giornata spensierata, allegra, trascorsa con amiche sui campi verdi e perch\u00e9 no portando a casa un premio di merito o di consolazione o solo un gadget ma soprattutto una giornata unica ed indimenticabile. Questa \u00e8 per me l\u2019ILGA. Vi aspetto.<br \/>\n<em>La vostra Pres<\/em><\/p>\n<hr>\n<p>Fondata su una grande idea, condotta da Grandi Donne, per farci amare sempre pi\u00f9 questo bellissimo sport facendoci incontrare su percorsi sempre bellissimi! Grazie continuate cos\u00ec e noi vi seguiremo.<br \/>\n<em>Bruna<br \/>\n<\/em><\/p>\n<hr>\n<p>Quando ero l\u2019unica Lady del mio circolo iscritta all\u2019ILGA partecipavo anche se da sola comunque con grande gioia alle gare del circuito, ed ero coccolata e accolta specialmente dalle socie dell\u2019Albenza. Ecco per me l\u2019ILGA \u00e8 coccole, amicizia, cuore e grandissimo amore per questo meraviglioso gioco che \u00e8 il GOLF.<br \/>\n<em>La Dany<\/em><\/p>\n<hr>\n<p>Grazie Ale il tuo entusiasmo mi ha conquistato dal primo momento che ti ho conosciuta, ILGA \u00e8 un gruppo straordinario di donne che praticano sport \u00e8 un modo per condividere insieme la passione per il golf regalandoci giornate ricche di emozioni che soddisfano il nostro bisogno di fare nuove amicizie d\u2019incontrare persone nuove con cui divertirci. Ti ringrazio tanto un abbraccio<br \/>\n<em>Stefania<\/em><\/p>\n<hr>\n<p>Frequento da poco il mondo ILGA e sto imparando un po&#8217; alla volta a conoscerne le protagoniste, le iniziative, lo spirito e le dinamiche, ma ho gi\u00e0 trovato grande accoglienza e tanti bei sorrisi.<br \/>\nPer me l&#8217;ILGA \u00e8 un&#8217;ispirazione, un messaggio ben chiaro:&nbsp;nel mondo del golf c&#8217;\u00e8 bisogno di&nbsp;far sapere che le donne possono essere professioniste nel proprio mestiere, ma anche ottime giocatrici; possono essere&nbsp;mamme, ma anche&nbsp;realizzare una hole in&nbsp;one; possono essere in pensione e desiderare vincere e divertirsi tanto quanto le giovani promesse che si allenano nei nostri circoli. ILGA \u00e8 competenza organizzativa in rosa, ma anche in rosso, arancione, giallo e blu: i colori delle emozioni.<br \/>\nDicono che il golf maschile sia pi\u00f9 &#8220;spettacolare&#8221;, ma dai 100 metri in gi\u00f9, secondo me, siamo tutti nella stessa barca: e l&#8217;ILGA ha le&nbsp;vele spiegate. Buona giornata!&nbsp;&nbsp;<br \/>\n<em>Arianna<\/em><\/p>\n<hr>\n<p><strong>I <\/strong>&nbsp;Immergersi nel verde e nella &nbsp;tranquillit\u00e0 di un campo da golf e godersi la natura in tutta serenita\u00e0 sperando di giocare bene<br \/>\n<strong>L <\/strong>&nbsp;Libera in una giornata senza pensieri tutta per me<br \/>\n<strong>G<\/strong> Giocare facendo nuove conoscenze, future amicizie scambiandosi opinioni, esperienze \u2026..<br \/>\n<strong>A<\/strong>&nbsp; Associazione benefiche \u2013 divertirsi &nbsp;pensando a chi ha bisogno di noi \u2013a piccole gocce si riempie un mare.<br \/>\n<em>Eugenia<\/em><\/p>\n<hr>\n<p><strong>I <\/strong>&nbsp;NTRIGANTE<br \/>\n<strong>L <\/strong>&nbsp;UNGIMIRANTE<br \/>\n<strong>G<\/strong> ENIALE<br \/>\n<strong>A<\/strong>&nbsp; SSOCIAZIONE<br \/>\n<em>Noris<\/em><\/p>\n<hr>\n<p><strong>ILGA: <\/strong>Stare<br \/>\n<strong>I <\/strong>&nbsp;nsieme con<br \/>\n<strong>L <\/strong>&nbsp;EALTA\u2019<br \/>\n<strong>G<\/strong> IOIA<br \/>\n<strong>A<\/strong>&nbsp; MICIZIA<br \/>\n<em>Silvana, Laura, Silvia, Alessandra<\/em><\/p>\n<hr>\n<p>Un modo per vivere una passione in posti magnifici, fra alberi, sabbia e acqua e per coltivare amicizie con rispetto e lealt\u00e0.<br \/>\n<em>Bruna<br \/>\n<\/em><\/p>\n<hr>\n<p>Carissime, sono entrata solo quest\u2019anno a far parte di questa associazione. Causa tempo ho partecipato solo alla tappa di Villa Carolina ma gi\u00e0 l\u00ec ho percepito un\u2019organizzazione fantastica e un vero gruppo. Una piacevole pausa settimanale per incontrare nuove amiche e trovare le altre che avevi perso. Non lascer\u00f2 pi\u00f9 ILGA!<br \/>\n<em>Roberta<\/em><\/p>\n<hr>\n<p>ILGA \u00e8 un idea pazzesca positiva che avvicina le donne al golf &#x1f3cc;\ufe0f\u200d\u2640\ufe0f e le fa finalmente unire da obiettivi comuni: trovarsi, giocare, competere, vincere, chiacchierare e ridere. Io ho avuto la fortuna di conoscere tante donne golfiste che poi sono diventate amiche o anche buone conoscenze, perch\u00e9 sono delle ottime DONNE che finalmente si dedicano un po\u2019 di tempo a se stesse con un sano egoismo.&nbsp;<br \/>\nQuando inizia la stagione il mio pensiero va al circuito ILGA, a tutte quelle bellissime tappe del calendario, con il pensiero di giocare su quei campi che diversamente non avrei la stessa possibilit\u00e0 di raggiungere ..<br \/>\nGiocare in settimana, avere un prezzo&nbsp;conveniente e inoltre ricevere un\u2019attenzione e una gentilezza da tutto il personale incredibile perch\u00e9, non dimentichiamoci, che veniamo accolte, ora pi\u00f9 che mai, in un modo veramente egregio in ogni circolo .<br \/>\nQuello che si \u00e8 riuscite a fare passando dalla Presidenza Rosanna Puricelli, Minnie Maestro e ora Alessandra Valtulina \u00e8 stata la valorizzazione di questo circuito con importanti sponsor che hanno creduto in noi e che credono sempre di pi\u00f9 anche in questi tempi difficili.<\/p>\n<p>Quindi DONNE AMICHE golfiste associatevi per stare bene nel golf e con il golf, valorizzando sempre di pi\u00f9 il golf femminile.<br \/>\n<em>Luigina<\/em><\/p>\n<hr>\n<p>\u00c8 un\u2019occasione di golf nei campi pi\u00f9 belli in compagnia di nuove amiche e con sponsor magnifici!!!&#x1f495;\u26f3\ufe0f&#x1f3cc;\ufe0f\u200d\u2640\ufe0f <em>Laura<\/em><\/p>\n<hr>\n<p>Giocare nei campi pi\u00f9 belli d&#8217; Italia e incontrare un gruppo di amiche fantastiche!!!!! <em>Carla<\/em><\/p>\n<hr>\n<p>Amicizia <em>Roberta<\/em><\/p>\n<hr>\n<p>Per me l&#8217;ILGA rappresenta una giornata dedicata a me, un modo di pensare ad una cosa che mi fa star bene&#8230; adoro i campi da golf, adoro vedere le Ladies, ogni circolo con le proprie divise, a scattare fotografie per cogliere il momento &#8230; tutto questo per me \u00e8 l&#8217;ILGA ! <em>Raida<\/em><\/p>\n<hr>\n<p>E&#8217; un&#8217;occasione per rivedere vecchie amiche in allegria!!!! <em>Eva<br \/>\n<\/em><\/p>\n<hr>\n<p>E&#8217; una giornata strepitosa, in campi nuovi con le tue amiche del circolo e non &#8230; &#x1f3cc;<br \/>\nMomenti simpatici di foto e brindisi finale<br \/>\nIlga una giornata dedicata a te e al tuo golf<em> &#x1f609; Simona<br \/>\n<\/em><\/p>\n<hr>\n<p>ILGA &#8211; un grande club che unisce donne di grande carattere che si sfidano e si divertono, amiche, nemiche unite dalla stessa passione: il golf!!! grazie ILGA <em>Babi<\/em><\/p>\n<hr>\n<p>Ma cos&#8217;\u00e8 sta ILGA? A me pareva un enigma, mi ci ha portata un&#8217;amica! Ed ora mi sento strafiga! <em>Daniela<br \/>\n<\/em><\/p>\n<hr>\n<p>E chi l&#8217;avrebbe detto che l&#8217;Italian Ladies Golf Associatione \u00e8 anche questo? Una partita a calciobalilla &#8230;. <em>Ivana<br \/>\n<\/em><\/p>\n<hr>\n<p>una giornata speciale all&#8217;insegna del golf con le amiche? ILGA<br \/>\nun modo diverso per conoscere nuovi campi ? ILGA<br \/>\nuna giornata&nbsp; infrasettimanale di stacco dal lavoro? ILGA<br \/>\nuna pausa inderogabile dagli impegni familiari?&nbsp; &nbsp;ILGA<br \/>\nun tragitto divertente su macchine stracolme di sacche, borse e carrelli? ILGA<br \/>\nuna possibilit\u00e0 di tornare a casa con un superpremio anche se per il golf&#8230;non era proprio la giornata&#8230;? ILGA<br \/>\nPer tutto questo e per altro ancora: Grazie ILGA e grazie tantissimo ad Alessandra per come sa fare gruppo e alle sue consigliere!<br \/>\n<em>Luciana<br \/>\n<\/em><\/p>\n<hr>\n<p>Ritrovarsi tutte insieme, fra noi donne, in occasione delle gare e&#8217; sempre un momento di allegria e di festa, un&#8217; occasione per ritrovare vecchie amiche, specchiarsi nelle situazioni e impegni delle altre, raccontarsi le ultime esperienze.<\/p>\n<p>In una stagione difficile per le donne (molestie, maltrattamenti, femminicidi) e&#8217; veramente bello incontrarsi tra noi&nbsp; e passare ore spensierate insieme, in posti splendidi, immersi in magnifici parchi, giocando uno dei giochi pi\u00f9 intriganti e impegnativi che esistano.<\/p>\n<p>Ogni volta non vedo l&#8217;ora di partecipare alla gara successiva. E &#8216; sempre una vera festa.<\/p>\n<p>Grazie ILGA!! Grazie Presidente, grazie amiche!<\/p>\n<p><em>Laura&nbsp;<\/em><\/p>\n<hr>\n<p>ILGA \u00e8 condivisione<br \/>\nILGA \u00e8 il piacere di stare insieme tutta una giornata in buona compagnia<br \/>\nILGA sono sorrisi spontanei<br \/>\nILGA \u00e8 pigiama party<br \/>\nILGA sono donne guerriere e belle&#x1f44a;&#x1f3fd;<br \/>\nOh Caramba ILGA \u00e8 anche bere un buonissimo calice di prosecco dopo 18 lunghissime buche &#x1f618;<\/p>\n<p><em>Mal\u00f9<\/em><\/p>\n<hr>\n<table>\n<tbody>\n<tr>\n<td>ILGA \u00e8 il piacere di stare in compagnia, senza pensieri, in bei campi, con tante amiche. Io dico sempre che queste giornate sono le mie &#8220;gite scolastiche&#8221;. Come quando da ragazze si partiva con tutta la classe, senza i pensieri della scuola, solo divertimento.<\/p>\n<p><em>Luisella<\/em><\/td>\n<\/tr>\n<\/tbody>\n<\/table>\n","protected":false},"excerpt":{"rendered":"<p>Cosa rappresenta l&#8217;Ilga per me? Che parte ha nella mia vita, perch\u00e8 ne sono socia? Cosa mi piace di questa Associazione? Scrivete il vostro pensiero e lo pubblicheremo: info@italianlga.it Oggi mi chiederanno \u201cche cosa \u00e8 l\u2019ILGA per te\u201d, la mia risposta \u00e8 semplice: alzarmi alle 5:15 per correre al desk dell\u2019ospitalit\u00e0 ed accogliere TUTTE le [&hellip;]<\/p>\n","protected":false},"author":1,"featured_media":0,"parent":0,"menu_order":0,"comment_status":"closed","ping_status":"closed","template":"","meta":{"_exactmetrics_skip_tracking":false,"_exactmetrics_sitenote_active":false,"_exactmetrics_sitenote_note":"","_exactmetrics_sitenote_category":0,"ngg_post_thumbnail":0,"footnotes":""},"folder":[],"class_list":["post-20438","page","type-page","status-publish"],"post_mailing_queue_ids":[],"_links":{"self":[{"href":"https:\/\/www.italianlga.it\/blog\/wp-json\/wp\/v2\/pages\/20438","targetHints":{"allow":["GET"]}}],"collection":[{"href":"https:\/\/www.italianlga.it\/blog\/wp-json\/wp\/v2\/pages"}],"about":[{"href":"https:\/\/www.italianlga.it\/blog\/wp-json\/wp\/v2\/types\/page"}],"author":[{"embeddable":true,"href":"https:\/\/www.italianlga.it\/blog\/wp-json\/wp\/v2\/users\/1"}],"replies":[{"embeddable":true,"href":"https:\/\/www.italianlga.it\/blog\/wp-json\/wp\/v2\/comments?post=20438"}],"version-history":[{"count":16,"href":"https:\/\/www.italianlga.it\/blog\/wp-json\/wp\/v2\/pages\/20438\/revisions"}],"predecessor-version":[{"id":21483,"href":"https:\/\/www.italianlga.it\/blog\/wp-json\/wp\/v2\/pages\/20438\/revisions\/21483"}],"wp:attachment":[{"href":"https:\/\/www.italianlga.it\/blog\/wp-json\/wp\/v2\/media?parent=20438"}],"wp:term":[{"taxonomy":"folder","embeddable":true,"href":"https:\/\/www.italianlga.it\/blog\/wp-json\/wp\/v2\/folder?post=20438"}],"curies":[{"name":"wp","href":"https:\/\/api.w.org\/{rel}","templated":true}]}}