{"id":1428,"date":"2012-02-01T12:46:24","date_gmt":"2012-02-01T10:46:24","guid":{"rendered":"http:\/\/www.italianlga.it\/blog\/?page_id=1428"},"modified":"2026-01-20T11:22:17","modified_gmt":"2026-01-20T09:22:17","slug":"finale-nazionale","status":"publish","type":"page","link":"https:\/\/www.italianlga.it\/blog\/regolamenti-gare\/finale-nazionale\/","title":{"rendered":"Finale 2026"},"content":{"rendered":"<p>[vc_row][vc_column width=&#8221;2\/3&#8243;][vc_column_text]<span style=\"color: #993300;\"><strong>FINALE 2026<\/strong><\/span><br \/>\n<strong>Golf Club La Pinetina, Gioved\u00ec 01 Ottobre 2026<\/strong><\/p>\n<p>Potranno partecipare alla Finale Nazionale, invitate da ILGA, &nbsp;la 1\u00b0 2\u00b0 classificata Lordo, la 1\u00b0 e 2\u00b0 classificata netto di entrambe le categorie e la 3\u00b0 4\u00b0&nbsp; classificata netto della seconda categoria, delle prove del 32\u00b0 Trofeo ILGA&nbsp; che saranno disputate e del campionato ILGA.<\/p>\n<p><span style=\"color: #993300;\"><strong>Formula:<\/strong><\/span> 18 buche Stableford hcp &#8211; 2 categorie ( play hcp: 0\/25 , 26\/36 )<br \/>\n<strong><span style=\"color: #993300;\">Premi:<\/span><\/strong><br \/>\n&#8211; 1\u00b0 Lordo&nbsp;<br \/>\n&#8211; 1\u00b0-2\u00b0 Netto per categoria<\/p>\n<p><span style=\"color: #993300;\">Iscrizioni<\/span>: dovranno pervenire via <a href=\"mailto:segreteria@italianlga.it\"><span style=\"text-decoration: underline;\">&nbsp;mail<\/span><\/a> alla Segreteria del Circolo entro le ore 12 di Domenica 27 Settembre 2026<\/p>\n<p><span style=\"color: #993300;\">Cancellazioni<\/span>: dovranno pervenire via <a href=\"mailto:segreteria@italianlga.it\"><span style=\"text-decoration: underline;\">mail <\/span><\/a>alla segreteria del circolo entro le ore 10 del giorno precedente la gara.<\/p>\n<p>Il Challenge Rosanna Puricelli sar\u00e0 assegnato alla giocatrice che eseguir\u00e0 il miglior punteggio Lordo. Sul Trofeo che sar\u00e0 custodito dalla vincitrice sino alla successiva edizione, verr\u00e0 inciso il suo nome.<\/p>\n<p>Nello stesso giorno si svolger\u00e0 una gara riservata alle <em>Socie ILGA non qualificate per la Finale<\/em>:<br \/>\nFormula: 18 buche Stableford hcp &#8211; 2 categorie ( play hcp: 0\/25 , 26\/36 )<br \/>\nPremi:<br \/>\n&#8211; 1\u00b0-2\u00b0 Netto per categoria<\/p>\n<p>Vedi anche regolamento&nbsp;<a href=\"https:\/\/www.italianlga.it\/blog\/regolamenti-gare\/gare-ilga\/\">Gare ILGA<\/a>[\/vc_column_text][\/vc_column][vc_column width=&#8221;1\/3&#8243; css=&#8221;.vc_custom_1520165667207{border-top-width: 1px !important;border-right-width: 1px !important;border-bottom-width: 1px !important;border-left-width: 1px !important;border-left-color: #a8262f !important;border-left-style: solid !important;border-right-color: #a8262f !important;border-right-style: solid !important;border-top-color: #a8262f !important;border-top-style: solid !important;border-bottom-color: #a8262f !important;border-bottom-style: solid !important;}&#8221;][vc_wp_custommenu title=&#8221;Regolamenti:&#8221; nav_menu=&#8221;50&#8243;][\/vc_column][\/vc_row]<\/p>\n","protected":false},"excerpt":{"rendered":"<p>[vc_row][vc_column width=&#8221;2\/3&#8243;][vc_column_text]FINALE 2026 Golf Club La Pinetina, Gioved\u00ec 01 Ottobre 2026 Potranno partecipare alla Finale Nazionale, invitate da ILGA, &nbsp;la 1\u00b0 2\u00b0 classificata Lordo, la 1\u00b0 e 2\u00b0 classificata netto di entrambe le categorie e la 3\u00b0 4\u00b0&nbsp; classificata netto della seconda categoria, delle prove del 32\u00b0 Trofeo ILGA&nbsp; che saranno disputate e del campionato [&hellip;]<\/p>\n","protected":false},"author":1,"featured_media":0,"parent":101,"menu_order":2,"comment_status":"closed","ping_status":"closed","template":"","meta":{"_exactmetrics_skip_tracking":false,"_exactmetrics_sitenote_active":false,"_exactmetrics_sitenote_note":"","_exactmetrics_sitenote_category":0,"ngg_post_thumbnail":0,"footnotes":""},"folder":[],"class_list":["post-1428","page","type-page","status-publish"],"post_mailing_queue_ids":[],"_links":{"self":[{"href":"https:\/\/www.italianlga.it\/blog\/wp-json\/wp\/v2\/pages\/1428","targetHints":{"allow":["GET"]}}],"collection":[{"href":"https:\/\/www.italianlga.it\/blog\/wp-json\/wp\/v2\/pages"}],"about":[{"href":"https:\/\/www.italianlga.it\/blog\/wp-json\/wp\/v2\/types\/page"}],"author":[{"embeddable":true,"href":"https:\/\/www.italianlga.it\/blog\/wp-json\/wp\/v2\/users\/1"}],"replies":[{"embeddable":true,"href":"https:\/\/www.italianlga.it\/blog\/wp-json\/wp\/v2\/comments?post=1428"}],"version-history":[{"count":57,"href":"https:\/\/www.italianlga.it\/blog\/wp-json\/wp\/v2\/pages\/1428\/revisions"}],"predecessor-version":[{"id":36516,"href":"https:\/\/www.italianlga.it\/blog\/wp-json\/wp\/v2\/pages\/1428\/revisions\/36516"}],"up":[{"embeddable":true,"href":"https:\/\/www.italianlga.it\/blog\/wp-json\/wp\/v2\/pages\/101"}],"wp:attachment":[{"href":"https:\/\/www.italianlga.it\/blog\/wp-json\/wp\/v2\/media?parent=1428"}],"wp:term":[{"taxonomy":"folder","embeddable":true,"href":"https:\/\/www.italianlga.it\/blog\/wp-json\/wp\/v2\/folder?post=1428"}],"curies":[{"name":"wp","href":"https:\/\/api.w.org\/{rel}","templated":true}]}}